{"id":5456,"date":"2021-09-02T20:19:45","date_gmt":"2021-09-02T19:19:45","guid":{"rendered":"https:\/\/www.raiels.cat\/?page_id=5456"},"modified":"2023-05-19T11:44:08","modified_gmt":"2023-05-19T09:44:08","slug":"politica-de-privacidad","status":"publish","type":"page","link":"https:\/\/www.raiels.cat\/es\/politica-de-privacidad\/","title":{"rendered":"Pol\u00edtica de privacidad"},"content":{"rendered":"<p>RAIELS, S.C.C.L., informa a los usuarios del sitio web sobre su pol\u00edtica respecto al tratamiento y protecci\u00f3n de los datos de car\u00e1cter personal de los usuarios y clientes.<\/p>\n<p>Y garantiza en todo momento el \u00edntegro y pleno cumplimiento de las obligaciones dispuestas por la normativa de protecci\u00f3n de datos y servicios de la sociedad de la informaci\u00f3n: Reglamento (UE) 2016\/679 del Parlamento Europeo y del Consejo, de 27 de abril de 2016, relativo a la protecci\u00f3n de las personas f\u00edsicas en lo que se refiere al tratamiento de datos personales ya la libre circulaci\u00f3n de estos datos (RGPD), la normativa Ley Org\u00e1nica 3\/2018, de 5 de diciembre, de Protecci\u00f3n de Datos Personales y garant\u00eda de los derechos digitales (LOPDGDD) y la Ley 34\/2002, de 11 de julio, de Servicios de la Sociedad de la Informaci\u00f3n y del Comercio Electr\u00f3nico (LSSIce).<\/p>\n<p><strong>RESPONSABLE DEL TRATAMIENTO<\/strong><\/p>\n<p>RAIELS, S.C.C.L.<\/p>\n<p>C.I.F.: F25794603<\/p>\n<p>Domicilio: C\/ DOM\u00c8NECH COSTA I BOFARULL, 14- 25280 &#8211; SOLSONA (LLEIDA)<\/p>\n<p>Inscrita en el Registro de Cooperativas de Lleida, hoja 15345, n\u00famero de asiento 1, con fecha 23 de agosto de 2019<\/p>\n<p>Telefono: 696103559<\/p>\n<p>Correo electr\u00f3nico: raiels@raiels.cat<\/p>\n<p><strong>FINALIDADES DEL TRATAMIENTO DE LOS DATOS<\/strong><\/p>\n<p>Los datos facilitados por el Usuario son utilizados para diversas finalidades que se enumeran a continuaci\u00f3n:<\/p>\n<table width=\"584\">\n<tbody>\n<tr>\n<td width=\"291\"><strong>Finalidad del tratamiento \u00a0\u00a0\u00a0\u00a0\u00a0\u00a0\u00a0\u00a0\u00a0\u00a0\u00a0\u00a0\u00a0\u00a0\u00a0 <\/strong><\/td>\n<td width=\"293\"><strong>Base jur\u00eddica para el tratamiento<\/strong><\/td>\n<\/tr>\n<tr>\n<td width=\"291\">Gestionar las consultas planteadas a trav\u00e9s de los formularios web.<\/td>\n<td width=\"293\">Inter\u00e9s leg\u00edtimo de la Sociedad para atender los requerimientos de informaci\u00f3n a trav\u00e9s de la web.<\/p>\n<p>Consentimiento prestado de forma expresa en el momento de recogida de los datos a trav\u00e9s de los formularios web.<\/td>\n<\/tr>\n<tr>\n<td width=\"291\">Env\u00edo de newsletters, comunicaciones comerciales y promociones.<\/td>\n<td width=\"293\">Consentimiento prestado de forma expresa en el momento de recogida de los datos a trav\u00e9s de los formularios web.<\/td>\n<\/tr>\n<tr>\n<td width=\"291\">Gestionar las incidencias y el mantenimiento de la web.<\/td>\n<td width=\"293\">Inter\u00e9s leg\u00edtimo de la Sociedad.<\/p>\n<p>&nbsp;<\/td>\n<\/tr>\n<\/tbody>\n<\/table>\n<p>&nbsp;<\/p>\n<p>&nbsp;<\/p>\n<p><strong>PLAZO DE CONSERVACI\u00d3N DE LOS DATOS<\/strong><\/p>\n<table width=\"584\">\n<tbody>\n<tr>\n<td width=\"291\"><strong>Finalidad del tratamiento<\/strong><\/td>\n<td width=\"293\"><strong>Plazo de conservaci\u00f3n<\/strong><\/td>\n<\/tr>\n<tr>\n<td width=\"291\">Gestionar las consultas planteadas a trav\u00e9s de los formularios web.<\/td>\n<td width=\"293\">Trataremos tus datos durante el tiempo que sea necesario para atender tu solicitud o petici\u00f3n.<\/td>\n<\/tr>\n<tr>\n<td width=\"291\">Env\u00edo de newsletters, comunicaciones comerciales y promociones.<\/td>\n<td width=\"293\">Trataremos tus datos hasta que te des de baja.<\/td>\n<\/tr>\n<tr>\n<td width=\"291\">Gestionar las incidencias y el mantenimiento de la web.<\/td>\n<td width=\"293\">Trataremos sus datos durante el tiempo necesario para cumplir los plazos legales de prescripci\u00f3n que le resulten de aplicaci\u00f3n.<\/td>\n<\/tr>\n<\/tbody>\n<\/table>\n<p>&nbsp;<\/p>\n<p><strong>DESTINATARIOS DE LOS DATOS<\/strong><\/p>\n<p>Para cumplir las finalidades indicadas en la presente Pol\u00edtica de Privacidad, es necesario que demos acceso a tus datos personales a terceras partes que nos apoyen en los servicios que te ofrecemos (Encargados de Tratamiento).<\/p>\n<p>Los encargados de tratamiento para la ejecuci\u00f3n de un contrato o prestaci\u00f3n de un servicio al Responsable, siguiendo por ello sus instrucciones en todo momento y asegurando los mismos niveles de seguridad.<\/p>\n<p><strong>DERECHOS DE LOS USUARIOS<\/strong><\/p>\n<p>El usuario tiene derecho a:<\/p>\n<ul>\n<li>Solicitar el acceso a sus datos personales que se est\u00e1n tratando y recibir esta informaci\u00f3n por escrito por el medio solicitado.<\/li>\n<li>Solicitar la rectificaci\u00f3n de los datos personales inexactos o, en su caso, solicitar su supresi\u00f3n cuando, entre otros motivos, los datos ya no sean necesarios para la finalidad por los que fueron recogidos.<\/li>\n<li>Solicitar la limitaci\u00f3n del tratamiento de sus datos.<\/li>\n<li>Oponerse al tratamiento de sus datos personales cuando proceda, en cuyo caso se dejar\u00e1n de tratar sus datos excepto por motivos leg\u00edtimos.<\/li>\n<li>Derecho a la portabilidad de los datos. El interesado\/interesada tiene derecho a recibir los datos personales si han sido facilitados en un formato estructurado, de uso com\u00fan y de lectura mec\u00e1nica, y a transmitirlos a otro responsable, si se cumplen los siguientes requisitos:<\/li>\n<\/ul>\n<ol>\n<li>El tratamiento se basa en el consentimiento o en un contrato.<\/li>\n<li>El tratamiento se realiza por medios automatizados.<\/li>\n<\/ol>\n<ul>\n<li>Derecho a retirar el consentimiento prestado.<\/li>\n<li>Derecho a reclamar ante la Agencia Espa\u00f1ola de Protecci\u00f3n de Datos.<\/li>\n<\/ul>\n<p>El Usuario puede ejercitar los derechos anteriormente indicados en la direcci\u00f3n de correo postal o electr\u00f3nica del Responsable, acreditando su identidad con una copia escaneada de su DNI o documento equivalente, y especificando<\/p>\n","protected":false},"excerpt":{"rendered":"<p>RAIELS, S.C.C.L., informa a los usuarios del sitio web sobre su pol\u00edtica respecto al tratamiento y protecci\u00f3n de los datos de car\u00e1cter personal de los usuarios<span class=\"excerpt-hellip\"> [\u2026]<\/span><\/p>\n","protected":false},"author":4,"featured_media":0,"parent":0,"menu_order":0,"comment_status":"closed","ping_status":"closed","template":"","meta":{"inline_featured_image":false,"footnotes":""},"class_list":["post-5456","page","type-page","status-publish","hentry"],"_links":{"self":[{"href":"https:\/\/www.raiels.cat\/es\/wp-json\/wp\/v2\/pages\/5456","targetHints":{"allow":["GET"]}}],"collection":[{"href":"https:\/\/www.raiels.cat\/es\/wp-json\/wp\/v2\/pages"}],"about":[{"href":"https:\/\/www.raiels.cat\/es\/wp-json\/wp\/v2\/types\/page"}],"author":[{"embeddable":true,"href":"https:\/\/www.raiels.cat\/es\/wp-json\/wp\/v2\/users\/4"}],"replies":[{"embeddable":true,"href":"https:\/\/www.raiels.cat\/es\/wp-json\/wp\/v2\/comments?post=5456"}],"version-history":[{"count":4,"href":"https:\/\/www.raiels.cat\/es\/wp-json\/wp\/v2\/pages\/5456\/revisions"}],"predecessor-version":[{"id":6072,"href":"https:\/\/www.raiels.cat\/es\/wp-json\/wp\/v2\/pages\/5456\/revisions\/6072"}],"wp:attachment":[{"href":"https:\/\/www.raiels.cat\/es\/wp-json\/wp\/v2\/media?parent=5456"}],"curies":[{"name":"wp","href":"https:\/\/api.w.org\/{rel}","templated":true}]}}